{"id":167,"date":"2021-06-10T07:12:04","date_gmt":"2021-06-10T07:12:04","guid":{"rendered":"https:\/\/climalit.es\/sostenibilidad\/?page_id=167"},"modified":"2022-07-20T10:34:59","modified_gmt":"2022-07-20T08:34:59","slug":"landing","status":"publish","type":"page","link":"https:\/\/climalit.es\/sostenibilidad\/","title":{"rendered":"landing"},"content":{"rendered":"<section class=\"l-section wpb_row us_custom_86bb776a height_custom\"><div class=\"l-section-h i-cf\"><div class=\"g-cols via_flex valign_top type_default\"><div class=\"vc_col-sm-8 wpb_column vc_column_container\"><div class=\"vc_column-inner\"><div class=\"wpb_wrapper\"><div class=\"wpb_text_column us_custom_6df4bc3a has_text_color\"><div class=\"wpb_wrapper\"><h1 class=\"p1\" style=\"text-shadow: 2px 2px 5px black;\"><span class=\"s1\"><b>S\u00famate a nuestro cambio <\/b><\/span><span class=\"s1\"><b>por un mundo mejor<\/b><\/span><\/h1>\n<\/div><\/div><div class=\"w-separator size_small\"><\/div><div class=\"w-popup align_none\"><div class=\"w-btn-wrapper\"><a class=\"w-popup-trigger type_btn w-btn us-btn-style_26\" href=\"javascript:void(0)\"><span class=\"w-btn-label\">VER V\u00cdDEO<\/span><\/a><\/div><div class=\"w-popup-overlay\" style=\"background:rgba(0,0,0,0.85);\"><\/div><div class=\"w-popup-wrap\"><div class=\"w-popup-box animation_fadeIn without_title\" style=\"width:560px;\"><div class=\"w-popup-box-h\"><div class=\"w-popup-box-content\" style=\"background:var(--color-content-bg);color:var(--color-content-text);\"><div style=\"width: 1140px;\" class=\"wp-video\"><!--[if lt IE 9]><script>document.createElement('video');<\/script><![endif]-->\n<video class=\"wp-video-shortcode\" id=\"video-167-1\" width=\"1140\" height=\"641\" preload=\"metadata\" controls=\"controls\"><source type=\"video\/mp4\" src=\"https:\/\/climalit.es\/sostenibilidad\/wp-content\/uploads\/2021\/07\/climalit.mp4?_=1\" \/><a href=\"https:\/\/climalit.es\/sostenibilidad\/wp-content\/uploads\/2021\/07\/climalit.mp4\">https:\/\/climalit.es\/sostenibilidad\/wp-content\/uploads\/2021\/07\/climalit.mp4<\/a><\/video><\/div>\n<\/div><\/div><\/div><div class=\"w-popup-closer\" style=\"background:var(--color-content-bg);color:var(--color-content-text);\"><\/div><\/div><\/div><\/div><\/div><\/div><div class=\"vc_col-sm-4 vc_col-lg-offset-0 vc_col-lg-4 vc_col-md-offset-0 vc_col-md-6 vc_col-sm-offset-6 vc_col-xs-4\/5 wpb_column vc_column_container\"><div class=\"vc_column-inner us_custom_538ee44d\"><div class=\"wpb_wrapper\"><div class=\"w-image us_custom_48175d98 enlace us_animate_this  hide_on_default hide_on_laptops hide_on_tablets hide_on_mobiles align_right\"><a title=\"Registro\" target=\"_blank\" href=\"https:\/\/climalit.es\/sostenibilidad\/registro\/\" rel=\"noopener\" aria-label=\"Enlace\" class=\"w-image-h\"><img width=\"637\" height=\"550\" src=\"https:\/\/climalit.es\/sostenibilidad\/wp-content\/uploads\/2021\/12\/ganador.png\" class=\"attachment-full size-full\" alt=\"\" loading=\"lazy\" srcset=\"https:\/\/stgsgwordpresspro.blob.core.windows.net\/sostenibilidad-uploads\/2021\/12\/ganador.png 637w, https:\/\/climalit.es\/sostenibilidad\/wp-content\/uploads\/2021\/12\/ganador-300x259.png 300w\" sizes=\"(max-width: 637px) 100vw, 637px\" \/><\/a><\/div><\/div><\/div><\/div><\/div><\/div><\/section><!-- Row Backgrounds --><div class=\"upb_bg_img\" data-ultimate-bg=\"url(https:\/\/climalit.es\/sostenibilidad\/wp-content\/uploads\/2021\/06\/climalit-sostenibilidad.jpg)\" data-image-id=\"id^192|url^https:\/\/climalit.es\/sostenibilidad\/wp-content\/uploads\/2021\/06\/climalit-sostenibilidad.jpg|caption^null|alt^null|title^climalit-sostenibilidad|description^null\" data-ultimate-bg-style=\"vcpb-vz-jquery\" data-bg-img-repeat=\"no-repeat\" data-bg-img-size=\"initial\" data-bg-img-position=\"\" data-parallx_sense=\"30\" data-bg-override=\"0\" data-bg_img_attach=\"scroll\" data-upb-overlay-color=\"\" data-upb-bg-animation=\"\" data-fadeout=\"\" data-bg-animation=\"left-animation\" data-bg-animation-type=\"h\" data-animation-repeat=\"repeat\" data-fadeout-percentage=\"30\" data-parallax-content=\"\" data-parallax-content-sense=\"30\" data-row-effect-mobile-disable=\"true\" data-img-parallax-mobile-disable=\"true\" data-rtl=\"false\"  data-custom-vc-row=\"\"  data-vc=\"6.7.0\"  data-is_old_vc=\"\"  data-theme-support=\"\"   data-overlay=\"false\" data-overlay-color=\"\" data-overlay-pattern=\"\" data-overlay-pattern-opacity=\"\" data-overlay-pattern-size=\"\"    ><\/div><section class=\"l-section wpb_row us_custom_b2452879 margen height_custom\"><div class=\"l-section-h i-cf\"><div class=\"g-cols via_flex valign_top type_default\" style=\"--additional-gap:18px;\"><div class=\"vc_col-sm-6 wpb_column vc_column_container\"><div class=\"vc_column-inner\"><div class=\"wpb_wrapper\"><div class=\"g-cols wpb_row us_custom_ef88aa82 via_flex valign_top type_default\"><div class=\"vc_col-sm-12 wpb_column vc_column_container\"><div class=\"vc_column-inner\"><div class=\"wpb_wrapper\"><div class=\"w-separator size_custom\" style=\"height:180px\"><\/div><div class=\"w-btn-wrapper width_full\"><a class=\"w-btn us-btn-style_25 us_custom_7880cdd1 boton-cuadrado icon_atright\" target=\"_blank\" href=\"https:\/\/climalit.es\/compromiso-climalit\/\" rel=\"noopener\"><span class=\"w-btn-label\">\u00daNETE AL COMPROMISO CLIMALIT<\/span><i class=\"far fa-hand-point-left\"><\/i><\/a><\/div><\/div><\/div><\/div><\/div><div class=\"g-cols wpb_row us_custom_38ec8cf5 via_flex valign_top type_default\"><div class=\"vc_col-sm-12 wpb_column vc_column_container\"><div class=\"vc_column-inner\"><div class=\"wpb_wrapper\"><div class=\"w-separator size_custom\" style=\"height:20px\"><\/div><div class=\"wpb_text_column\"><div class=\"wpb_wrapper\"><p class=\"p1\"><span class=\"s1\" style=\"font-size: 18px;\"><b>Cambiamos el mundo siendo m\u00e1s sostenibles:<\/b><\/span><br \/>\n<b style=\"color: #67a90a;\">\u2022<\/b><span class=\"s1\"> Creamos un futuro m\u00e1s verde para las nuevas generaciones<\/span><br \/>\n<b style=\"color: #67a90a;\">\u2022<\/b><span class=\"s1\"> Evitamos que se pierda la buena energ\u00eda<\/span><br \/>\n<b style=\"color: #67a90a;\">\u2022<\/b><span class=\"s1\"> Damos una nueva vida a nuestros recursos<\/span><br \/>\n<b style=\"color: #67a90a;\">\u2022<\/b><span class=\"s1\"> Trabajamos m\u00e1s cerca de ti<\/span><br \/>\n<b style=\"color: #67a90a;\">\u2022 <\/b><span class=\"s1\">Cuidando de ti y de los tuyos<\/span><\/p>\n<\/div><\/div><\/div><\/div><\/div><\/div><\/div><\/div><\/div><div class=\"vc_col-sm-6 wpb_column vc_column_container\"><div class=\"vc_column-inner\"><div class=\"wpb_wrapper\"><div class=\"g-cols wpb_row us_custom_9c05b255 via_flex valign_top type_default\"><div class=\"vc_col-sm-12 wpb_column vc_column_container\"><div class=\"vc_column-inner\"><div class=\"wpb_wrapper\"><div class=\"w-separator size_custom\" style=\"height:180px\"><\/div><div class=\"w-btn-wrapper width_full\"><a class=\"w-btn us-btn-style_25 us_custom_7880cdd1 boton-cuadrado icon_atright\" title=\"descubre-academy\" href=\"https:\/\/climalit.es\/sostenibilidad\/descubre-academy\/\"><span class=\"w-btn-label\">DESCUBRE ACADEMY<\/span><i class=\"far fa-hand-point-left\"><\/i><\/a><\/div><\/div><\/div><\/div><\/div><div class=\"g-cols wpb_row us_custom_38ec8cf5 via_flex valign_top type_default\"><div class=\"vc_col-sm-12 wpb_column vc_column_container\"><div class=\"vc_column-inner us_custom_695d6eff\"><div class=\"wpb_wrapper\"><div class=\"w-separator size_custom\" style=\"height:20px\"><\/div><div class=\"wpb_text_column\"><div class=\"wpb_wrapper\"><p class=\"p1\"><span class=\"s1\" style=\"font-size: 18px;\"><b>F\u00f3rmate con nuestros webinars y no dejes de crecer:<\/b><\/span><br \/>\n<b style=\"color: #67a90a;\">\u2022<\/b><span class=\"s1\"> Afrontar\u00e1s con \u00e9xito los nuevos desaf\u00edos del ma\u00f1ana<\/span><br \/>\n<b style=\"color: #67a90a;\">\u2022<\/b><span class=\"s1\"> Mejorar\u00e1s tus relaciones comerciales<\/span><br \/>\n<b style=\"color: #67a90a;\">\u2022<\/b><span class=\"s1\"> Avanzar\u00e1s en tu carrera profesional<\/span><br \/>\n<b style=\"color: #67a90a;\">\u2022<\/b><span class=\"s1\"> Desarrollar\u00e1s todo tu potencial<\/span><\/p>\n<\/div><\/div><\/div><\/div><\/div><\/div><\/div><\/div><\/div><\/div><\/div><\/section>\n","protected":false},"excerpt":{"rendered":"S\u00famate a nuestro cambio por un mundo mejor VER V\u00cdDEO https:\/\/climalit.es\/sostenibilidad\/wp-content\/uploads\/2021\/07\/climalit.mp4 \u00daNETE AL COMPROMISO CLIMALIT Cambiamos el mundo siendo m\u00e1s sostenibles: \u2022 Creamos un futuro m\u00e1s verde para las nuevas generaciones \u2022 Evitamos que se pierda la buena energ\u00eda \u2022 Damos una nueva vida a nuestros recursos \u2022 Trabajamos m\u00e1s cerca de ti \u2022 Cuidando...","protected":false},"author":1,"featured_media":0,"parent":0,"menu_order":0,"comment_status":"closed","ping_status":"closed","template":"","meta":{"_relevanssi_hide_post":"","_relevanssi_hide_content":"","_relevanssi_pin_for_all":"","_relevanssi_pin_keywords":"","_relevanssi_unpin_keywords":"","_relevanssi_related_keywords":"","_relevanssi_related_include_ids":"","_relevanssi_related_exclude_ids":"","_relevanssi_related_no_append":"","_relevanssi_related_not_related":"","_relevanssi_related_posts":"","_relevanssi_noindex_reason":""},"_links":{"self":[{"href":"https:\/\/climalit.es\/sostenibilidad\/wp-json\/wp\/v2\/pages\/167"}],"collection":[{"href":"https:\/\/climalit.es\/sostenibilidad\/wp-json\/wp\/v2\/pages"}],"about":[{"href":"https:\/\/climalit.es\/sostenibilidad\/wp-json\/wp\/v2\/types\/page"}],"author":[{"embeddable":true,"href":"https:\/\/climalit.es\/sostenibilidad\/wp-json\/wp\/v2\/users\/1"}],"replies":[{"embeddable":true,"href":"https:\/\/climalit.es\/sostenibilidad\/wp-json\/wp\/v2\/comments?post=167"}],"version-history":[{"count":88,"href":"https:\/\/climalit.es\/sostenibilidad\/wp-json\/wp\/v2\/pages\/167\/revisions"}],"predecessor-version":[{"id":2929,"href":"https:\/\/climalit.es\/sostenibilidad\/wp-json\/wp\/v2\/pages\/167\/revisions\/2929"}],"wp:attachment":[{"href":"https:\/\/climalit.es\/sostenibilidad\/wp-json\/wp\/v2\/media?parent=167"}],"curies":[{"name":"wp","href":"https:\/\/api.w.org\/{rel}","templated":true}]}}