{"id":7511,"date":"2024-06-11T10:20:58","date_gmt":"2024-06-11T08:20:58","guid":{"rendered":"https:\/\/climalit.es\/blog\/?page_id=7511"},"modified":"2024-06-11T10:20:58","modified_gmt":"2024-06-11T08:20:58","slug":"climalit-opina","status":"publish","type":"page","link":"https:\/\/climalit.es\/blog\/climalit-opina\/","title":{"rendered":"Climalit\u00ae Opina"},"content":{"rendered":"<div class=\"bt_bb_wrapper\"><section id=\"bt_bb_section69dbead39a624\"  class=\"bt_bb_section bt_bb_top_spacing_medium bt_bb_bottom_spacing_medium bt_bb_layout_boxed_1500 bt_bb_vertical_align_top bt_bb_style_default\" ><div class=\"bt_bb_port\"><div class=\"bt_bb_cell\"><div class=\"bt_bb_cell_inner\"><div  class=\"bt_bb_row\" ><div  class=\"bt_bb_column col-md-9 col-ms-12 bt_bb_align_left bt_bb_vertical_align_top bt_bb_padding_normal\"  data-width=\"9\"><div class=\"bt_bb_column_content\"><div class=\"bt_bb_column_content_inner\"><div class=\"bt_bb_separator bt_bb_bottom_spacing_default bt_bb_border_style_none\"><\/div><div class=\"bt_bb_content_slider bt_bb_gap_normal bt_bb_arrows_size_normal bt_bb_arrows_position_middle-outside bt_bb_arrows_style_filled bt_bb_show_dots_hide bt_bb_height_half_screen bt_bb_animation_slide bt_bb_color_scheme_3\"><div class=\"slick-slider\"  data-slick='{ \"lazyLoad\": \"progressive\", \"cssEase\": \"ease-out\", \"speed\": \"600\", \"prevArrow\": \"&lt;button type=\\\"button\\\" class=\\\"slick-prev\\\"&gt;\", \"nextArrow\": \"&lt;button type=\\\"button\\\" class=\\\"slick-next\\\"&gt;\", \"adaptiveHeight\": true,\"autoplay\": true, \"autoplaySpeed\": 4000}' ><div class=\"bt_bb_content_slider_item imagen_cabecera\" style=\";background-image:url(https:\/\/climalit.es\/blog\/wp-content\/uploads\/2024\/06\/Foto-cabecera-climalit-opina-fix.jpg)\"><div class=\"bt_bb_content_slider_item_content content\"><h2 class=\"slide-home-h4\" style=\"text-align: left;\">\n  <strong style=\"font-size: 1.5em;\">Climalit\u00ae Opina<\/strong><br>\n  <span style=\"font-size: 1.2em;\">Queremos escucharte<\/span>\n<\/h2>\n\n\n\n<\/div><\/div><\/div><\/div><div class=\"bt_bb_separator bt_bb_bottom_spacing_default bt_bb_border_style_none\"><\/div><div  class=\"bt_bb_text\" ><h2 style=\"text-align: center;\"><strong>\u00a1Bienvenido a Climalit\u00ae Opina!<\/strong><\/h2>\n<h4>\u00a1Te doy la bienvenida a <strong>Climalit\u00ae Opina<\/strong>, un espacio dedicado a ti y a tu relaci\u00f3n con el mundo de los acristalamientos, vidrios, ventanas y m\u00e1s!<\/h4>\n<h4>En <a href=\"https:\/\/climalit.es\/\">Climalit\u00ae<\/a>, nos apasiona proporcionarte informaci\u00f3n valiosa y pr\u00e1ctica para que puedas explorar el fascinante universo de los materiales que hacen de tu hogar o negocio un lugar m\u00e1s confortable y seguro. Queremos que tu interacci\u00f3n con nosotros sea a\u00fan m\u00e1s gratificante y personalizada, por eso hemos creado <strong>Climalit\u00ae Opina<\/strong>.<\/h4>\n<p><img loading=\"lazy\" class=\"aligncenter wp-image-6973\" title=\"Acristalamiento Climalit\" src=\"https:\/\/climalit.es\/blog\/wp-content\/uploads\/2023\/07\/identificacion-de-ventanas-con-aislamiento-termico_1.jpg\" alt=\"Acristalamiento Climalit\" width=\"1040\" height=\"609\" srcset=\"https:\/\/climalit.es\/blog\/wp-content\/uploads\/2023\/07\/identificacion-de-ventanas-con-aislamiento-termico_1.jpg 1025w, https:\/\/climalit.es\/blog\/wp-content\/uploads\/2023\/07\/identificacion-de-ventanas-con-aislamiento-termico_1-640x375.jpg 640w, https:\/\/climalit.es\/blog\/wp-content\/uploads\/2023\/07\/identificacion-de-ventanas-con-aislamiento-termico_1-768x450.jpg 768w, https:\/\/climalit.es\/blog\/wp-content\/uploads\/2023\/07\/identificacion-de-ventanas-con-aislamiento-termico_1-320x187.jpg 320w\" sizes=\"(max-width: 1040px) 100vw, 1040px\" \/><\/p>\n<h4>Este espacio est\u00e1 pensado especialmente para ti, donde tu voz cuenta y tus opiniones son valoradas. Nos interesa conocer tus inquietudes, intereses, gustos y necesidades en relaci\u00f3n con los acristalamientos, las ventanas o cualquier otro aspecto vinculado al vidrio en tus espacios.<\/h4>\n<h4>\u00a1Ad\u00e9ntrate, comparte y participa en <strong>Climalit\u00ae Opina<\/strong>! Juntos podemos generar contenido que te inspire, te informe y te gu\u00ede para tomar decisiones fundadas sobre tus ambientes. Tu experiencia y tus ideas son fundamentales para enriquecer nuestra comunidad y ofrecerte soluciones cada vez m\u00e1s adaptadas a tus necesidades.<\/h4>\n<\/div><div class=\"bt_bb_separator bt_bb_bottom_spacing_default bt_bb_border_style_none\"><\/div><div class=\"bt_bb_image bt_bb_shape_square bt_bb_align_inherit bt_bb_hover_style_simple bt_bb_content_display_always bt_bb_content_align_middle\"><span><img src=\"https:\/\/climalit.es\/blog\/wp-content\/uploads\/2019\/07\/fusioninterioryexterior.jpg\" title=\"Acristalamiento Climalit\" alt=\"Acristalamiento Climalit\"><\/span><\/div><div class=\"bt_bb_separator bt_bb_bottom_spacing_default bt_bb_border_style_none\"><\/div><div  class=\"bt_bb_text\" ><h3 style=\"text-align: center;\"><strong>\u00bfQu\u00e9 te Gustar\u00eda Leer?<\/strong><\/h3>\n<h4>\u00bfEst\u00e1s interesado en descubrir las \u00faltimas innovaciones en vidrio laminado? \u00bfQuiz\u00e1s necesitas consejos sobre c\u00f3mo seleccionar el mejor acristalamiento para tu hogar, ya sea en ventana de PVC o aluminio? \u00bfO tal vez tienes preguntas sobre el aislamiento y mantenimiento de tus ventanas? Sea cual sea tu inquietud, estamos aqu\u00ed para escucharte y proporcionarte la informaci\u00f3n que necesitas.<\/h4>\n<\/div><div class=\"bt_bb_separator bt_bb_bottom_spacing_default bt_bb_border_style_none\"><\/div><div  class=\"bt_bb_text\" ><h3 style=\"text-align: center;\"><strong>\u00bfC\u00f3mo Participar?<\/strong><\/h3>\n<h4>Simplemente d\u00e9janos tus sugerencias y temas de inter\u00e9s en el formulario de abajo. Estamos comprometidos a cubrir los temas que te importan y a ofrecerte art\u00edculos detallados y \u00fatiles sobre todo lo relacionado con el acristalamiento, vidrios y ventanas.<\/h4>\n<\/div><div class=\"bt_bb_separator bt_bb_bottom_spacing_default bt_bb_border_style_none\"><\/div><div class=\"bt_bb_contact_form_7\"><div role=\"form\" class=\"wpcf7\" id=\"wpcf7-f7510-o1\" lang=\"es-ES\" dir=\"ltr\">\n<div class=\"screen-reader-response\"><\/div>\n<form action=\"\/blog\/wp-json\/wp\/v2\/pages\/7511#wpcf7-f7510-o1\" method=\"post\" class=\"wpcf7-form\" novalidate=\"novalidate\">\n<div style=\"display: none;\">\n<input type=\"hidden\" name=\"_wpcf7\" value=\"7510\" \/>\n<input type=\"hidden\" name=\"_wpcf7_version\" value=\"5.1.6\" \/>\n<input type=\"hidden\" name=\"_wpcf7_locale\" value=\"es_ES\" \/>\n<input type=\"hidden\" name=\"_wpcf7_unit_tag\" value=\"wpcf7-f7510-o1\" \/>\n<input type=\"hidden\" name=\"_wpcf7_container_post\" value=\"0\" \/>\n<\/div>\n<p><label> Tu nombre (obligatorio)<br \/>\n    <span class=\"wpcf7-form-control-wrap your-name\"><input type=\"text\" name=\"your-name\" value=\"\" size=\"40\" class=\"wpcf7-form-control wpcf7-text wpcf7-validates-as-required\" aria-required=\"true\" aria-invalid=\"false\" \/><\/span> <\/label><\/p>\n<p><label> Tu correo electr\u00f3nico (obligatorio)<br \/>\n    <span class=\"wpcf7-form-control-wrap your-email\"><input type=\"email\" name=\"your-email\" value=\"\" size=\"40\" class=\"wpcf7-form-control wpcf7-text wpcf7-email wpcf7-validates-as-required wpcf7-validates-as-email\" aria-required=\"true\" aria-invalid=\"false\" \/><\/span> <\/label><\/p>\n<p><label> Escribe aqu\u00ed el tema que te gustar\u00eda que tratemos en el blog<br \/>\n    <span class=\"wpcf7-form-control-wrap your-message\"><textarea name=\"your-message\" cols=\"40\" rows=\"10\" class=\"wpcf7-form-control wpcf7-textarea\" aria-invalid=\"false\"><\/textarea><\/span> <\/label><\/p>\n<p><input type=\"submit\" value=\"Enviar\" class=\"wpcf7-form-control wpcf7-submit\" \/><\/p>\n<div class=\"wpcf7-response-output wpcf7-display-none\"><\/div><\/form><\/div><\/div><div  class=\"bt_bb_text\" ><h4 style=\"text-align: center;\">\u00bfQuieres conocer m\u00e1s sobre las soluciones de acristalamiento? \u00a1Visita las redes sociales de <a href=\"https:\/\/www.saint-gobain-glass.es\/es\"><strong>Saint-Gobain Glass<\/strong><\/a>! Encu\u00e9ntranos en<strong> <a href=\"https:\/\/www.facebook.com\/SGGlassSpain\/?locale=es_LA\">Facebook<\/a><\/strong> ,<a href=\"https:\/\/www.linkedin.com\/company\/saint-gobain-glass-espana\/?originalSubdomain=es\"><strong> Linkedin<\/strong><\/a> y en nuestra <strong><a href=\"https:\/\/www.saint-gobain-glass.es\/es\">p\u00e1gina web<\/a><\/strong><\/h4>\n<\/div><\/div><\/div><\/div><div  class=\"bt_bb_column sidebar_home col-md-3 col-sm-6 col-ms-12 bt_bb_align_left bt_bb_vertical_align_top bt_bb_padding_normal\"  data-width=\"3\"><div class=\"bt_bb_column_content\"><div class=\"bt_bb_column_content_inner\"><div class=\"bt_bb_image bt_bb_shape_square bt_bb_align_inherit bt_bb_hover_style_simple bt_bb_content_display_always bt_bb_content_align_middle\"><a href=\"https:\/\/climalit.es\/climalit-plus\/\"  target=\"_blank\" title=\"Captura de pantalla 2024-05-22 a las 8.43.59\"><img src=\"https:\/\/climalit.es\/blog\/wp-content\/uploads\/2024\/05\/Captura-de-pantalla-2024-05-22-a-las-8.43.59.png\" title=\"Captura de pantalla 2024-05-22 a las 8.43.59\" alt=\"https:\/\/climalit.es\/blog\/wp-content\/uploads\/2024\/05\/Captura-de-pantalla-2024-05-22-a-las-8.43.59.png\"><\/a><\/div><div class=\"bt_bb_separator bt_bb_bottom_spacing_default bt_bb_border_style_none\"><\/div><div class=\"bt_bb_image bt_bb_shape_square bt_bb_align_inherit bt_bb_hover_style_simple bt_bb_content_display_always bt_bb_content_align_middle\"><a href=\"https:\/\/climalit.es\/cambia-tus-ventanas\/\"  target=\"_blank\" title=\"quierescambiar_ventanas\"><img src=\"https:\/\/climalit.es\/blog\/wp-content\/uploads\/2019\/10\/quierescambiar_ventanas.jpg\" title=\"quierescambiar_ventanas\" alt=\"https:\/\/climalit.es\/blog\/wp-content\/uploads\/2019\/10\/quierescambiar_ventanas.jpg\"><\/a><\/div><div class=\"bt_bb_separator bt_bb_bottom_spacing_default bt_bb_border_style_none\"><\/div><div class=\"bt_bb_image bt_bb_shape_square bt_bb_align_inherit bt_bb_hover_style_simple bt_bb_content_display_always bt_bb_content_align_middle\"><a href=\"https:\/\/climalit.es\/orae\/\"  target=\"_blank\" title=\"climalit-sostenible\"><img src=\"https:\/\/climalit.es\/blog\/wp-content\/uploads\/2019\/10\/climalit-sostenible.jpg\" title=\"climalit-sostenible\" alt=\"https:\/\/climalit.es\/blog\/wp-content\/uploads\/2019\/10\/climalit-sostenible.jpg\"><\/a><\/div><div class=\"bt_bb_separator bt_bb_bottom_spacing_default bt_bb_border_style_none\"><\/div><div class=\"bt_bb_image bt_bb_shape_square bt_bb_align_inherit bt_bb_hover_style_simple bt_bb_content_display_always bt_bb_content_align_middle\"><a href=\"https:\/\/climalit.es\/instaladores\/\"  target=\"_blank\" title=\"Captura de pantalla 2024-05-22 a las 8.36.23\"><img src=\"https:\/\/climalit.es\/blog\/wp-content\/uploads\/2024\/05\/Captura-de-pantalla-2024-05-22-a-las-8.36.23.png\" title=\"Captura de pantalla 2024-05-22 a las 8.36.23\" alt=\"https:\/\/climalit.es\/blog\/wp-content\/uploads\/2024\/05\/Captura-de-pantalla-2024-05-22-a-las-8.36.23.png\"><\/a><\/div><\/div><\/div><\/div><\/div><div  class=\"bt_bb_row\" ><div  class=\"bt_bb_column col-md-12 col-ms-12 bt_bb_align_left bt_bb_vertical_align_top bt_bb_padding_normal\"  data-width=\"12\"><div class=\"bt_bb_column_content\"><div class=\"bt_bb_column_content_inner\"><\/div><\/div><\/div><\/div><div  class=\"bt_bb_row\" ><div  class=\"bt_bb_column col-md-12 col-ms-12 bt_bb_align_left bt_bb_vertical_align_top bt_bb_padding_normal\"  data-width=\"12\"><div class=\"bt_bb_column_content\"><div class=\"bt_bb_column_content_inner\"><\/div><\/div><\/div><\/div><div  class=\"bt_bb_row\" ><div  class=\"bt_bb_column col-md-12 col-ms-12 bt_bb_align_left bt_bb_vertical_align_top bt_bb_padding_normal\"  data-width=\"12\"><div class=\"bt_bb_column_content\"><div class=\"bt_bb_column_content_inner\"><\/div><\/div><\/div><\/div><div  class=\"bt_bb_row\" ><div  class=\"bt_bb_column col-md-12 col-ms-12 bt_bb_align_left bt_bb_vertical_align_top bt_bb_padding_normal\"  data-width=\"12\"><div class=\"bt_bb_column_content\"><div class=\"bt_bb_column_content_inner\"><\/div><\/div><\/div><\/div><div  class=\"bt_bb_row\" ><div  class=\"bt_bb_column col-md-12 col-ms-12 bt_bb_align_left bt_bb_vertical_align_top bt_bb_padding_normal\"  data-width=\"12\"><div class=\"bt_bb_column_content\"><div class=\"bt_bb_column_content_inner\"><\/div><\/div><\/div><\/div><\/div><\/div><\/div><\/section><\/div>","protected":false},"excerpt":{"rendered":"","protected":false},"author":1,"featured_media":0,"parent":0,"menu_order":0,"comment_status":"closed","ping_status":"closed","template":"","meta":{"amp_status":""},"acf":[],"_links":{"self":[{"href":"https:\/\/climalit.es\/blog\/wp-json\/wp\/v2\/pages\/7511"}],"collection":[{"href":"https:\/\/climalit.es\/blog\/wp-json\/wp\/v2\/pages"}],"about":[{"href":"https:\/\/climalit.es\/blog\/wp-json\/wp\/v2\/types\/page"}],"author":[{"embeddable":true,"href":"https:\/\/climalit.es\/blog\/wp-json\/wp\/v2\/users\/1"}],"replies":[{"embeddable":true,"href":"https:\/\/climalit.es\/blog\/wp-json\/wp\/v2\/comments?post=7511"}],"version-history":[{"count":102,"href":"https:\/\/climalit.es\/blog\/wp-json\/wp\/v2\/pages\/7511\/revisions"}],"predecessor-version":[{"id":7698,"href":"https:\/\/climalit.es\/blog\/wp-json\/wp\/v2\/pages\/7511\/revisions\/7698"}],"wp:attachment":[{"href":"https:\/\/climalit.es\/blog\/wp-json\/wp\/v2\/media?parent=7511"}],"curies":[{"name":"wp","href":"https:\/\/api.w.org\/{rel}","templated":true}]}}