{"id":3,"date":"2019-10-08T12:09:16","date_gmt":"2019-10-08T10:09:16","guid":{"rendered":"https:\/\/climalit.es\/blog\/?page_id=3"},"modified":"2023-04-05T11:09:18","modified_gmt":"2023-04-05T09:09:18","slug":"politica-privacidad","status":"publish","type":"page","link":"https:\/\/climalit.es\/blog\/politica-privacidad\/","title":{"rendered":"Pol\u00edtica de privacidad"},"content":{"rendered":"<div class=\"bt_bb_wrapper\"><section id=\"bt_bb_section69d564f09a846\"  class=\"bt_bb_section bt_bb_layout_boxed_1200 bt_bb_style_default\" ><div class=\"bt_bb_port\"><div class=\"bt_bb_cell\"><div class=\"bt_bb_cell_inner\"><div  class=\"bt_bb_row\" ><div  class=\"bt_bb_column col-md-12 col-ms-12 bt_bb_align_left bt_bb_vertical_align_top bt_bb_padding_normal\"  data-width=\"12\"><div class=\"bt_bb_column_content\"><div class=\"bt_bb_column_content_inner\"><div  class=\"bt_bb_text\" ><h1><strong>POL\u00cdTICA DE PRIVACIDAD<\/strong><\/h1>\n<h3 style=\"padding-bottom: 30px;\"><a href=\"https:\/\/climalit.es\/blog\/\"><strong>https:\/\/climalit.es\/blog\/<\/strong><\/a><\/h3>\n<ol>\n<li><strong> IDENTIDAD DEL RESPONSABLE DEL TRATAMIENTO<\/strong><\/li>\n<\/ol>\n<p>La presente Pol\u00edtica de Privacidad regula el tratamiento que realiza Saint-Gobain BUILDING GLASS Espa\u00f1a, denominaci\u00f3n comercial de la Actividad de Vidrio para el sector de la Construcci\u00f3n de la sociedad SAINT-GOBAIN CRISTALER\u00cdA S.L., de datos recogidos a trav\u00e9s de su web climalit.es\/blog. Por ello, la empresa responsable del tratamiento de sus datos personales es Saint-Gobain Cristaler\u00eda, S.L. con NIF: B 33019241 y domicilio social en la calle Pr\u00edncipe de Vergara 132, Planta 7\u00aa, 28002 Madrid e inscrita en el Registro Mercantil de Madrid, Tomo 3.973, General 3.206 de la Secci\u00f3n 3\u00aa del Libro de Sociedades, Folio 1, Hoja 30.695, Inscripci\u00f3n 1\u00aa.<\/p>\n<p>Dado que para Saint-Gobain BUILDING GLASS Espa\u00f1a, la privacidad es un asunto muy serio, esta organizaci\u00f3n vela por ella y se compromete a garantizarla a los Usuarios de sus sitios webs para que se sientan seguros cuando las visiten, naveguen y\/o utilicen sus servicios. Esta Pol\u00edtica explica cu\u00e1ndo, por qu\u00e9 y c\u00f3mo Saint-Gobain Cristaler\u00eda S.L y todas las empresas de del grupo Saint-Gobain, recopilan informaci\u00f3n personal sobre los Usuarios de sus sitios webs, utilizan esta informaci\u00f3n, la comunican a otros cuando sea necesario bajo ciertas condiciones y la mantienen segura y confidencial.<\/p>\n<p>Puesto que esta Pol\u00edtica de Privacidad es susceptible actualizaci\u00f3n, vea el apartado 9 de esta Pol\u00edtica y consulte esta web, de vez en cuando, para asegurarse de que sigue conforme tras los cambios. Esta Pol\u00edtica se actualiz\u00f3 por \u00faltima vez el 31 de agosto de 2018.<\/p>\n<ol start=\"2\">\n<li><strong> QUI\u00c9NES SOMOS<\/strong><\/li>\n<\/ol>\n<p>El grupo Saint-Gobain (en lo sucesivo, el \u201cGrupo\u201d) est\u00e1 formado por un gran n\u00famero de empresas. Siempre que trabaje con una de ellas, esta sociedad ser\u00e1 \u201cresponsable\u201d de su informaci\u00f3n personal y decidir\u00e1 por qu\u00e9 y c\u00f3mo la tratar\u00e1. Concretamente donde esta Pol\u00edtica se refiere a \u201cnosotros\u201d, o bien cite \u201cnuestro\u201d o \u201cnosotros\u201d, a menos que se mencione lo contrario, se est\u00e1 refiriendo a la sociedad que es el responsable: Saint-Gobain Cristaler\u00eda S.L., empresa a la que pertenece la Actividad comercialmente denominada Saint-Gobain Building Glass.<\/p>\n<p><strong>\u00a0<\/strong><\/p>\n<ol start=\"3\">\n<li><strong> TIPO DE INFORMACI\u00d3N PERSONAL<\/strong><\/li>\n<\/ol>\n<p>Podemos recopilar y tratar la siguiente informaci\u00f3n personal:<\/p>\n<ol>\n<li><strong>A) Informaci\u00f3n personal: <\/strong>informaci\u00f3n proporcionada por el usuario, de manera totalmente voluntaria y a trav\u00e9s de:<\/li>\n<\/ol>\n<ol>\n<li style=\"list-style-type: none;\">\n<ul>\n<li>nuestros sitios web.<\/li>\n<li>nuestras aplicaciones m\u00f3viles,<\/li>\n<li>plataformas de redes sociales.<\/li>\n<li>comunicaciones por tel\u00e9fono, correo electr\u00f3nico o de otro modo.<\/li>\n<li>mediante formularios y documentos comerciales, de marketing, fidelizaci\u00f3n, servicios profesionales, recursos humanos o contractuales.<\/li>\n<li>mediante sistemas de seguridad o control de acceso o video vigilancia.<\/li>\n<\/ul>\n<\/li>\n<\/ol>\n<p>Se incluye la informaci\u00f3n proporcionada al darse de alta como cliente o proveedor, visitarnos en nuestras plantas, en el momento de registro en nuestros sitios web, de suscripci\u00f3n a los servicios, de publicar material o solicitar otros servicios, administrar su cuenta online (incluido el acceso a la documentaci\u00f3n) y de mantener comunicaciones con nosotros por tel\u00e9fono, correo electr\u00f3nico o de otro tipo. Tambi\u00e9n, se incluye la informaci\u00f3n solicitada al usuario cuando nos informe de un problema en nuestros productos, servicios o sitios web o la recabada cuando el usuario cumplimente nuestras encuestas con fines de mejora de productos o servicios, control calidad o investigaci\u00f3n.<\/p>\n<p>La informaci\u00f3n puede estar relacionada con su identificaci\u00f3n como su nombre, direcci\u00f3n, direcci\u00f3n de correo electr\u00f3nico y\/o n\u00famero de tel\u00e9fono, o bien con detalles sobre su consulta, pudiendo incluir registros de cualquier comunicaci\u00f3n y respuestas a cualquier encuesta.<\/p>\n<p>Los usuarios de nuestros sitios web garantizan la veracidad de los datos personales facilitados de forma voluntaria y responden, en cualquier caso, de la misma. Saint-Gobain BUILDING GLASS Espa\u00f1a (Saint-Gobain Cristaleria S.L.) se reserva el derecho a excluir de los servicios ofrecidos en sus sitios web a todo usuario que haya facilitado datos falsos, sin perjuicio de las dem\u00e1s acciones que procedan en Derecho.<\/p>\n<p><strong>\u00a0<\/strong><\/p>\n<ol>\n<li><strong>B) Informaci\u00f3n personal sobre el usuario<\/strong>: autom\u00e1ticamente podemos recopilar la siguiente informaci\u00f3n<strong>:<\/strong>\n<ul>\n<li>detalles de transacciones que realiza a trav\u00e9s de los sitios webs y de sus visitas a la mismas, incluidos, entre otros, informaci\u00f3n del tr\u00e1fico, ubicaci\u00f3n, blogs, otros datos de comunicaci\u00f3n y los recursos a los que accede,<\/li>\n<li>informaci\u00f3n t\u00e9cnica, incluidos datos an\u00f3nimos recopilados por el servidor de alojamiento del sitio web con fines estad\u00edsticos, la direcci\u00f3n de protocolo de Internet (IP) utilizada para conectar su ordenador o dispositivo m\u00f3vil a Internet, tipo y versi\u00f3n del navegador, configuraci\u00f3n de zona horaria, complemento del navegador tipos y versiones, sistema operativo y plataforma. Por favor, consulte las cookies para obtener m\u00e1s informaci\u00f3n: https:\/\/es.saint-gobain-building-glass.com\/es\/node\/83151<\/li>\n<li>cualquier informaci\u00f3n personal que el usuario permita compartir y que forme parte de su perfil p\u00fablico o de una red social de terceros.<\/li>\n<\/ul>\n<\/li>\n<\/ol>\n<p><strong>Informaci\u00f3n personal sobre el usuario recibida de otras fuentes externas a nuestra empresa<\/strong>, sean sociedades del Grupo o empresas de terceros. Las disposiciones restantes de esta Pol\u00edtica tambi\u00e9n se aplican a cualquier informaci\u00f3n personal que obtengamos de estas fuentes.<\/p>\n<p><strong>\u00a0<\/strong><\/p>\n<p><strong>\u00a0<\/strong><\/p>\n<ol start=\"4\">\n<li><strong> FINALIDAD Y TRATAMIENTO DE LA INFORMACI\u00d3N PERSONAL<\/strong><\/li>\n<\/ol>\n<p>Los datos suministrados por el usuario del sitio web a trav\u00e9s de diferentes medios (formularios, buz\u00f3n email, etc.) son recogidos por Saint-Gobain BUILDING GLASS Espa\u00f1a de acuerdo con la legislaci\u00f3n vigente en materia de protecci\u00f3n de datos. En cada medio informamos de la finalidad del tratamiento de los datos del Usuario que se lleva a cabo \u00fanica y exclusivamente si el \u00e9ste ha autorizado ese tratamiento.<br \/>\nEn general, procesamos legalmente informaci\u00f3n de car\u00e1cter personal con la finalidad de gestionar la comunicaci\u00f3n y el intercambio de informaci\u00f3n con los usuarios de nuestra web, de administrar la relaci\u00f3n con clientes actuales y potenciales, en particular para responder a sus solicitudes o para enviar regularmente noticias e informaci\u00f3n sobre nuestros productos, marcas o iniciativas de su inter\u00e9s, y para cualquier otro prop\u00f3sito espec\u00edfico descrito al recabar la informaci\u00f3n.<\/p>\n<p>Conservamos la informaci\u00f3n personal de Usuarios y clientes durante el per\u00edodo de tiempo necesario para lograr el prop\u00f3sito para el que la recabamos y utilizamos y para cumplir con nuestras obligaciones legales. Excepto en casos espec\u00edficos, el per\u00edodo se especifica en el momento en que se recopila la informaci\u00f3n. No retenemos informaci\u00f3n personal en formato identificable por m\u00e1s tiempo del estrictamente necesario.<\/p>\n<p>En particular, detallamos los medios y las finalidades concretas m\u00e1s habituales para las que habitualmente podemos recoger sus datos, su tratamiento y tiempo de conservaci\u00f3n de esta informaci\u00f3n:<\/p>\n<table width=\"100%\">\n<tbody>\n<tr>\n<td width=\"123\"><strong>Medio de entrada de datos<\/strong><\/td>\n<td width=\"208\"><strong>Finalidad de la recogida<\/strong><\/td>\n<td width=\"208\"><strong>Tiempo de conservaci\u00f3n<\/strong><\/td>\n<\/tr>\n<tr>\n<td width=\"123\">Buz\u00f3n de contacto<\/td>\n<td width=\"208\">Gestionar y dar respuesta a solicitudes de informaci\u00f3n y\/ o consultas.<\/td>\n<td width=\"236\">Los datos personales del Usuario se conservar\u00e1n hasta el momento en que se haya contestado a su solicitud y llevado a cabo las acciones adecuadas para su resoluci\u00f3n. Despu\u00e9s se suprimir\u00e1n excepto que implique responsabilidades y acciones para la empresa.<\/td>\n<\/tr>\n<tr>\n<td width=\"123\">Aplicaciones y servicios web<\/td>\n<td width=\"208\">Se tratar\u00e1n los datos para la correcta prestaci\u00f3n de los servicios ofrecidos en el sitio web a los usuarios y clientes.<\/td>\n<td width=\"236\">Conservaremos sus datos mientras se mantenga la relaci\u00f3n comercial y\/o mercantil con el usuario o cliente.<\/p>\n<p>Una vez finalizada conservaremos la informaci\u00f3n m\u00ednima necesaria que nos exige la legislaci\u00f3n tributaria.<\/td>\n<\/tr>\n<tr>\n<td width=\"123\">Comunicaciones promocionales y\/o comerciales<\/td>\n<td width=\"123\">Informar sobre nuestros productos, servicios y actividades de su inter\u00e9s.<\/td>\n<td width=\"123\">Sus datos personales se conservar\u00e1n hasta que el usuario solicite dejar de recibir nuestras comunicaciones, momento en el que se suprimir\u00e1n.<\/p>\n<p>Podr\u00e1 solicitar la supresi\u00f3n en cualquier momento, siguiendo las indicaciones que al efecto aparecen en cada comunicaci\u00f3n.<\/td>\n<\/tr>\n<\/tbody>\n<\/table>\n<p>\u00danicamente trataremos sus datos para aquella finalidad que le haya sido informada durante la recogida de sus datos y contando con su consentimiento expreso para cada finalidad concreta.<\/p>\n<p>Principalmente, podemos usar y tratar su informaci\u00f3n personal donde ha proporcionado un CONSENTIMIENTO libre, expl\u00edcito y para fines espec\u00edficos, determinados y leg\u00edtimos. La base legal para el tratamiento de sus datos es la ejecuci\u00f3n de los servicios que nos ha solicitado y ha autorizado expresamente.<\/p>\n<p>El Usuario puede retirar su consentimiento en cualquier momento.<\/p>\n<p>El tratamiento de sus datos podr\u00e1 realizarse \u2013 adem\u00e1s de con su consentimiento por cualquiera de estos motivos:<\/p>\n<ol>\n<li>A) Cuando existan INTERESES LEG\u00cdTIMOS por parte de la empresa, siempre que los intereses del Usuario, sus derechos y\/o libertades fundamentales no sean primordiales, tomando en consideraci\u00f3n sus expectativas razonables, basadas en su relaci\u00f3n con la sociedad.<\/li>\n<\/ol>\n<p>Por ejemplo, para las siguientes finalidades:<\/p>\n<ol>\n<li style=\"list-style-type: none;\">\n<ol>\n<li style=\"list-style-type: none;\">\n<ul>\n<li>actividades de marketing directo (distintas de aquellas en las que dependemos de su consentimiento) como an\u00e1lisis para nuestra estrategia de marketing y para mejorar y personalizar su experiencia de Usuario;<\/li>\n<li>evaluar y mejorar nuestro servicio a los clientes a trav\u00e9s de grabaciones de cualquier llamada con nuestros centros de contacto;<\/li>\n<li>detecci\u00f3n, prevenci\u00f3n y mitigaci\u00f3n de actividades fraudulentas u otras actividades ilegales;<\/li>\n<li>seguridad de la red y de la informaci\u00f3n para tomar medidas y proteger as\u00ed su informaci\u00f3n contra p\u00e9rdida o da\u00f1o, robo o acceso no autorizado.<\/li>\n<\/ul>\n<\/li>\n<\/ol>\n<\/li>\n<\/ol>\n<ol>\n<li>B) Cuando sea necesario para CUMPLIR CON UNA OBLIGACI\u00d3N LEGAL. En particular:<\/li>\n<\/ol>\n<ol>\n<li style=\"list-style-type: none;\">\n<ol>\n<li style=\"list-style-type: none;\">\n<ul>\n<li>ayudar a la autoridad p\u00fablica o al cuerpo de investigaci\u00f3n criminal;<\/li>\n<li>identificar al Usuario cuando se contacte con nosotros bajo ciertas circunstancias legales;<\/li>\n<li>para verificar la exactitud de los datos que tenemos sobre el usuario.<\/li>\n<\/ul>\n<\/li>\n<\/ol>\n<\/li>\n<\/ol>\n<ol>\n<li>C) Cuando sea necesario para el DESARROLLO o EJECUCI\u00d3N DE UN CONTRATO con el usuario de nuestros sitios web, o porque ha solicitado tomar medidas espec\u00edficas antes de celebrarlo. Se incluir\u00e1 la informaci\u00f3n tratada para permitirle hacer uso de nuestros sitios web y de los servicios que en ellos ofrecemos.<\/li>\n<\/ol>\n<p><strong>\u00a0<\/strong><\/p>\n<ol start=\"5\">\n<li><strong> L\u00cdMITE DE RESPONSABILIDAD<\/strong><\/li>\n<\/ol>\n<ol>\n<li><strong>A) Empresas<\/strong><\/li>\n<\/ol>\n<p>Saint-Gobain Cristaler\u00eda S.L. puede transmitir su informaci\u00f3n a otras empresas del Grupo Saint Gobain con fines administrativos internos o en relaci\u00f3n con los productos y\/o servicios de inter\u00e9s para el Usuario que complementan su propia gama. Y tambi\u00e9n podemos transmitirla cuando redirigimos su solicitud a contactos de nuestro Grupo que pueden gestionarla (por ejemplo, para resolver un problema del que nos ha informado).<\/p>\n<p><strong>\u00a0<\/strong><\/p>\n<ol>\n<li><strong>B) Nuestros proveedores<\/strong><\/li>\n<\/ol>\n<p>Podemos divulgar su informaci\u00f3n a proveedores de servicios externos, agentes, subcontratistas y otras organizaciones \u00fanicamente con el fin de proporcionarnos servicios o de proporcion\u00e1rselos directamente al Usuario que nos ha solicitado en nuestro nombre. Se incluyen proveedores de servicios en la nube (como hosting y administraci\u00f3n de correo electr\u00f3nico) o agencias de publicidad, servicios administrativos, procesadores de pagos con tarjeta de cr\u00e9dito\/ d\u00e9bito, empresas que realicen encuestas de satisfacci\u00f3n del cliente u otros terceros que nos brinden servicios y nos ayuden en el funcionamiento de nuestra actividad de negocio y sitio web.<\/p>\n<p>A los proveedores de servicios externos, se transmite \u00fanicamente la informaci\u00f3n personal necesaria para que nos brinden sus servicios. Siempre tenemos un contrato en vigor por el que les exigimos que mantengan su informaci\u00f3n segura y confidencial y que no la utilicen de forma distinta a la indicada en nuestras instrucciones espec\u00edficas.<\/p>\n<p>Esta gesti\u00f3n de datos personales se realiza \u00fanica y exclusivamente para garantizar la realizaci\u00f3n de los servicios que ofrecemos.<\/p>\n<p><strong>\u00a0<\/strong><\/p>\n<ol>\n<li><strong>C) Terceros que proporcionan al Usuario productos y servicios a trav\u00e9s de la Sociedad<\/strong><\/li>\n<\/ol>\n<p>Trabajamos estrechamente con terceros para ofrecer al Usuario una gama de productos y servicios que son complementarios a los que ofrecemos. Cuando el Usuario solicite informaci\u00f3n sobre estos productos o servicios a trav\u00e9s de nosotros, en nuestros sitios web, el tercero podr\u00e1 utilizar los datos del Usuario para proporcionarle informaci\u00f3n y cumplir con las obligaciones derivadas de los contratos que haya celebrado con el Usuario. Esta gesti\u00f3n de datos personales se realiza \u00fanica y exclusivamente para garantizar la realizaci\u00f3n de los servicios que ofrecemos.<\/p>\n<p>Estos proveedores pueden compartir su informaci\u00f3n con nosotros que la utilizaremos de acuerdo con nuestra Pol\u00edtica. En algunos casos, estos proveedores actuar\u00e1n como controladores de la informaci\u00f3n del Usuario y, por lo tanto, recomendamos al usuario que lea tambi\u00e9n su Pol\u00edtica de Privacidad.<\/p>\n<p><strong>\u00a0<\/strong><\/p>\n<p><strong>Otras situaciones para compartir la informaci\u00f3n personal del Usuario<\/strong><\/p>\n<p>Como empresa responsable podemos transmitir su informaci\u00f3n personal:<\/p>\n<ul>\n<li>para cumplir con cualquier obligaci\u00f3n legal o cuando sea requerida por leyes aplicables, \u00f3rdenes judiciales o regulaciones gubernamentales, para detectar o informar un delito, para hacer cumplir o aplicar los t\u00e9rminos de nuestros contratos o para proteger los derechos, propiedad o seguridad de nuestros usuarios web y clientes;<\/li>\n<li>para hacer cumplir nuestras Condiciones de Uso, para proteger los derechos, la privacidad, la seguridad o la propiedad de nuestras empresas;<\/li>\n<li>si el usuario hubiera consentido expresamente la finalidad concreta motivo de la comunicaci\u00f3n.<\/li>\n<\/ul>\n<p>No obstante, siempre tomaremos las medidas adecuadas con el objetivo de garantizar que los derechos de privacidad de nuestros usuarios web y clientes contin\u00faen protegidos.<\/p>\n<p>El grupo Saint-Gobain dispone de normas y procedimientos vinculantes corporativos que regulan la seguridad del tratamiento de sus datos y garantizan que no ser\u00e1n utilizados para ninguna otra finalidad ni por terceras empresas fuera de las que usted haya autorizado y sido informado.<\/p>\n<p><strong>\u00a0<\/strong><\/p>\n<ol start=\"6\">\n<li><strong> SOPORTE DE ALMACENAMIENTO DE LA INFORMACI\u00d3N PERSONAL<\/strong><\/li>\n<\/ol>\n<p>Almacenamos la informaci\u00f3n de los usuarios en bases de datos propias o en las de nuestros proveedores de servicios. Debido principalmente a la dimensi\u00f3n internacional del Grupo Saint-Gobain y para optimizar la calidad de los servicios, esta informaci\u00f3n puede ser transferida a pa\u00edses fuera de la Uni\u00f3n Europea.<\/p>\n<p>En este caso, velaremos para asegurar que se tomen las medidas adecuadas de seguridad y confidencialidad con el objetivo de garantizar que sus derechos de privacidad contin\u00faen protegidos como se describe en esta Pol\u00edtica. Todo ello, implica imponer obligaciones contractuales al receptor de su informaci\u00f3n personal o garantizar que los receptores est\u00e9n suscritos a \u201cmarcos internacionales\u201d que garanticen una protecci\u00f3n adecuada.<\/p>\n<p><strong>\u00a0<\/strong><\/p>\n<ol start=\"7\">\n<li><strong> DERECHOS DEL USUARIO<\/strong><\/li>\n<\/ol>\n<p>En cualquier momento, el Usuario puede solicitar y obtener informaci\u00f3n del tratamiento y finalidad que Saint-Gobain BUILDING GLASS Espa\u00f1a est\u00e1n dando a sus datos.<\/p>\n<p>Sujeto a la ley aplicable y conforme a ciertas exenciones, restricciones o circunstancias, el Usuario puede tener derecho a:<\/p>\n<ol>\n<li style=\"list-style-type: none;\">\n<ol>\n<li style=\"list-style-type: none;\">\n<ul>\n<li>acceder a su informaci\u00f3n personal: solicitar qu\u00e9 datos tenemos, qu\u00e9 uso hacemos de ellos e incluso, que se los entreguemos para portarlos a otra empresa.<\/li>\n<li>corregir, modificar y actualizar su informaci\u00f3n personal;<\/li>\n<li>suprimir su informaci\u00f3n personal, fuera de lo que la ley nos exija conservar<\/li>\n<li>restringir su tratamiento: solicitar que sean conservados por necesidades legales;<\/li>\n<li>retirar su consentimiento;<\/li>\n<li>oponerse a nuestro uso de su informaci\u00f3n personal para decisiones tomadas en autom\u00e1tico;<\/li>\n<li>solicitar que le transfiramos su informaci\u00f3n personal en un archivo de datos compatible para que pueda enviarlo a un tercero que deba ofrecerle un servicio (portabilidad de datos);<\/li>\n<\/ul>\n<\/li>\n<\/ol>\n<\/li>\n<\/ol>\n<p>Estos derechos pueden ejercerse mediante una solicitud por escrito a la direcci\u00f3n de contacto indicada a continuaci\u00f3n (CONTACTO), especificando el derecho que quiere ejercer y adjuntando copia de su DNI. Daremos respuesta dentro de un plazo razonable, de acuerdo con las regulaciones aplicables y en un t\u00e9rmino m\u00e1ximo de un mes.<\/p>\n<p>Si usted considera que Saint-Gobain Cristaler\u00eda, S.L. ha incumplido alguno de los preceptos establecidos en la normativa de protecci\u00f3n de datos puede interponer una reclamaci\u00f3n ante la Agencia Espa\u00f1ola de Protecci\u00f3n de Datos (www.aepd.es) u otro Organismo Supervisor que vele por el cumplimiento de la legislaci\u00f3n de protecci\u00f3n de datos.<\/p>\n<p><strong>\u00a0<\/strong><\/p>\n<ol start=\"8\">\n<li><strong> SEGURIDAD Y CONFIDENCIALIDAD<\/strong><\/li>\n<\/ol>\n<p>Nuestro objetivo es mantener siempre sus datos lo m\u00e1s seguros posible. Tras recibir su informaci\u00f3n personal, implementamos medidas y controles razonables y apropiados con la finalidad de evitar, tanto como sea posible, cualquier destrucci\u00f3n, p\u00e9rdida, alteraci\u00f3n o acceso no autorizado accidental o ilegal.<\/p>\n<p><strong>\u00a0<\/strong><\/p>\n<ol start=\"9\">\n<li><strong> ACTUALIZACI\u00d3N DE LA POL\u00cdTICA<\/strong><\/li>\n<\/ol>\n<p>Saint-Gobain BUILDING GLASS Espa\u00f1a puede revisar esta Pol\u00edtica. Cualquier cambio ser\u00e1 notificado al publicar una versi\u00f3n actualizada en este sitio web con la fecha de la revisi\u00f3n actualizaci\u00f3n m\u00e1s reciente.<\/p>\n<p><strong>\u00a0<\/strong><\/p>\n<ol start=\"10\">\n<li><strong> CONTACTO<\/strong><\/li>\n<\/ol>\n<p>Cualquier consulta sobre esta Pol\u00edtica o sobre la forma en que procesamos su informaci\u00f3n personal debe dirigirse por escrito a nuestro Corresponsal de Privacidad y\/o a nuestro Delegado de Protecci\u00f3n de datos, utilizando las direcciones se\u00f1aladas a continuaci\u00f3n:<\/p>\n<p><strong>Corresponsal de Privacidad<\/strong><\/p>\n<p>Email: PrivacyContact.SGGlass.ESP@Saint-Gobain.com<\/p>\n<p>Direcci\u00f3n postal:<\/p>\n<p>C\/ Pr\u00edncipe de Vergara, 132. Planta 8<br \/>\n28002 Madrid<\/p>\n<p><strong>Delegado de Protecci\u00f3n de Datos: <\/strong><\/p>\n<p>Email: privacycontact.SGBG.Esp@saint-gobain.com<\/p>\n<p>Direcci\u00f3n postal:<\/p>\n<p>Delegaci\u00f3n Mediterr\u00e1nea de Saint-Gobain<\/p>\n<p>C\/ Pr\u00edncipe de Vergara 132, 28.002 Madrid<\/p>\n<\/div><div class=\"bt_bb_separator bt_bb_top_spacing_large bt_bb_bottom_spacing_normal bt_bb_border_style_none\"><\/div><\/div><\/div><\/div><\/div><\/div><\/div><\/div><\/section><\/div>","protected":false},"excerpt":{"rendered":"","protected":false},"author":1,"featured_media":0,"parent":0,"menu_order":0,"comment_status":"closed","ping_status":"open","template":"","meta":{"amp_status":""},"acf":[],"_links":{"self":[{"href":"https:\/\/climalit.es\/blog\/wp-json\/wp\/v2\/pages\/3"}],"collection":[{"href":"https:\/\/climalit.es\/blog\/wp-json\/wp\/v2\/pages"}],"about":[{"href":"https:\/\/climalit.es\/blog\/wp-json\/wp\/v2\/types\/page"}],"author":[{"embeddable":true,"href":"https:\/\/climalit.es\/blog\/wp-json\/wp\/v2\/users\/1"}],"replies":[{"embeddable":true,"href":"https:\/\/climalit.es\/blog\/wp-json\/wp\/v2\/comments?post=3"}],"version-history":[{"count":12,"href":"https:\/\/climalit.es\/blog\/wp-json\/wp\/v2\/pages\/3\/revisions"}],"predecessor-version":[{"id":4967,"href":"https:\/\/climalit.es\/blog\/wp-json\/wp\/v2\/pages\/3\/revisions\/4967"}],"wp:attachment":[{"href":"https:\/\/climalit.es\/blog\/wp-json\/wp\/v2\/media?parent=3"}],"curies":[{"name":"wp","href":"https:\/\/api.w.org\/{rel}","templated":true}]}}